{"id":3442,"date":"2025-08-19T15:46:22","date_gmt":"2025-08-19T13:46:22","guid":{"rendered":"https:\/\/www.edvard-restaurant.com\/?page_id=3442"},"modified":"2025-08-19T15:50:13","modified_gmt":"2025-08-19T13:50:13","slug":"house-rules","status":"publish","type":"page","link":"https:\/\/www.edvard-restaurant.com\/de\/house-rules\/","title":{"rendered":"Hausordnung"},"content":{"rendered":"\t\t<div data-elementor-type=\"wp-page\" data-elementor-id=\"3442\" class=\"elementor elementor-3442 elementor-3441\">\n\t\t\t\t\t\t<section class=\"elementor-section elementor-top-section elementor-element elementor-element-f41c755 block-intro elementor-section-boxed elementor-section-height-default elementor-section-height-default\" data-id=\"f41c755\" data-element_type=\"section\" data-settings=\"{&quot;background_background&quot;:&quot;classic&quot;}\">\n\t\t\t\t\t\t<div class=\"elementor-container elementor-column-gap-default\">\n\t\t\t\t\t<div class=\"elementor-column elementor-col-100 elementor-top-column elementor-element elementor-element-480fc94\" data-id=\"480fc94\" data-element_type=\"column\">\n\t\t\t<div class=\"elementor-widget-wrap elementor-element-populated\">\n\t\t\t\t\t\t<section class=\"elementor-section elementor-inner-section elementor-element elementor-element-65f8517 elementor-section-boxed elementor-section-height-default elementor-section-height-default\" data-id=\"65f8517\" data-element_type=\"section\">\n\t\t\t\t\t\t<div class=\"elementor-container elementor-column-gap-default\">\n\t\t\t\t\t<div class=\"elementor-column elementor-col-100 elementor-inner-column elementor-element elementor-element-a4c83c6\" data-id=\"a4c83c6\" data-element_type=\"column\">\n\t\t\t<div class=\"elementor-widget-wrap elementor-element-populated\">\n\t\t\t\t\t\t<div class=\"elementor-element elementor-element-8c0e466 bigh1 elementor-widget elementor-widget-heading\" data-id=\"8c0e466\" data-element_type=\"widget\" data-widget_type=\"heading.default\">\n\t\t\t\t<div class=\"elementor-widget-container\">\n\t\t\t\t\t<h1 class=\"elementor-heading-title elementor-size-default\">Hausordnung<\/h1>\t\t\t\t<\/div>\n\t\t\t\t<\/div>\n\t\t\t\t\t<\/div>\n\t\t<\/div>\n\t\t\t\t\t<\/div>\n\t\t<\/section>\n\t\t\t\t\t<\/div>\n\t\t<\/div>\n\t\t\t\t\t<\/div>\n\t\t<\/section>\n\t\t\t\t<section class=\"elementor-section elementor-top-section elementor-element elementor-element-9b05bd8 elementor-section-boxed elementor-section-height-default elementor-section-height-default\" data-id=\"9b05bd8\" data-element_type=\"section\" data-settings=\"{&quot;background_background&quot;:&quot;classic&quot;}\">\n\t\t\t\t\t\t<div class=\"elementor-container elementor-column-gap-default\">\n\t\t\t\t\t<div class=\"elementor-column elementor-col-100 elementor-top-column elementor-element elementor-element-55e5b9a\" data-id=\"55e5b9a\" data-element_type=\"column\">\n\t\t\t<div class=\"elementor-widget-wrap elementor-element-populated\">\n\t\t\t\t\t\t<section class=\"elementor-section elementor-inner-section elementor-element elementor-element-e17bcc7 elementor-reverse-tablet elementor-reverse-mobile elementor-section-boxed elementor-section-height-default elementor-section-height-default\" data-id=\"e17bcc7\" data-element_type=\"section\">\n\t\t\t\t\t\t<div class=\"elementor-container elementor-column-gap-default\">\n\t\t\t\t\t<div class=\"elementor-column elementor-col-100 elementor-inner-column elementor-element elementor-element-18bb8d2 text-wrapper\" data-id=\"18bb8d2\" data-element_type=\"column\">\n\t\t\t<div class=\"elementor-widget-wrap elementor-element-populated\">\n\t\t\t\t\t\t<div class=\"elementor-element elementor-element-959c45d elementor-widget elementor-widget-text-editor\" data-id=\"959c45d\" data-element_type=\"widget\" data-widget_type=\"text-editor.default\">\n\t\t\t\t<div class=\"elementor-widget-container\">\n\t\t\t\t\t\t\t\t\t<p>Als Michelin-Sterne-Restaurant legen wir gro\u00dfen Wert auf eine ruhige Atmosph\u00e4re und stilvolles Ambiente. Wir bitten daher um Beachtung folgender Hinweise:<\/p><p><strong>Kleiderordnung<\/strong><br \/>Wir begr\u00fc\u00dfen eine gepflegte Erscheinung im Stil von Smart Elegant. Wir danken f\u00fcr Ihr Verst\u00e4ndnis, dass allzu legere Kleidung nicht dem Rahmen unseres Hauses entspricht.<\/p><p><strong>Kinder<\/strong><br \/>Kinder unter 12 Jahren k\u00f6nnen wir im EDVARD nicht empfangen. Gerne empfehlen wir familienfreundliche Alternativen innerhalb unseres Hauses.<\/p><p><strong>Haustiere<\/strong><br \/>Bitte beachten Sie, dass Haustiere im Restaurant nicht gestattet sind.<\/p>\t\t\t\t\t\t\t\t<\/div>\n\t\t\t\t<\/div>\n\t\t\t\t\t<\/div>\n\t\t<\/div>\n\t\t\t\t\t<\/div>\n\t\t<\/section>\n\t\t\t\t\t<\/div>\n\t\t<\/div>\n\t\t\t\t\t<\/div>\n\t\t<\/section>\n\t\t\t\t<\/div>\n\t\t","protected":false},"excerpt":{"rendered":"<p>Hausordnung Als Michelin-Sterne-Restaurant legen wir gro\u00dfen Wert auf eine ruhige Atmosph\u00e4re und stilvolles Ambiente. Wir bitten daher um Beachtung folgender Hinweise: KleiderordnungWir begr\u00fc\u00dfen eine gepflegte Erscheinung im Stil von Smart Elegant. Wir danken f\u00fcr Ihr Verst\u00e4ndnis, dass allzu legere Kleidung nicht dem Rahmen unseres Hauses entspricht. KinderKinder unter 12 Jahren k\u00f6nnen wir im EDVARD nicht [&hellip;]<\/p>\n","protected":false},"author":2,"featured_media":0,"parent":0,"menu_order":0,"comment_status":"closed","ping_status":"closed","template":"elementor_header_footer","meta":{"footnotes":""},"class_list":["post-3442","page","type-page","status-publish","hentry"],"acf":[],"yoast_head":"<!-- This site is optimized with the Yoast SEO plugin v26.3 - https:\/\/yoast.com\/wordpress\/plugins\/seo\/ -->\n<title>Hausordnung | EDVARD Restaurant<\/title>\n<meta name=\"description\" content=\"Als Michelin-Sterne-Restaurant legen wir gro\u00dfen Wert auf eine ruhige Atmosph\u00e4re und stilvolles Ambiente.\" \/>\n<meta name=\"robots\" content=\"index, follow, max-snippet:-1, max-image-preview:large, max-video-preview:-1\" \/>\n<link rel=\"canonical\" href=\"https:\/\/www.edvard-restaurant.com\/de\/house-rules\/\" \/>\n<meta property=\"og:locale\" content=\"de_DE\" \/>\n<meta property=\"og:type\" content=\"article\" \/>\n<meta property=\"og:title\" content=\"Hausordnung | EDVARD Restaurant\" \/>\n<meta property=\"og:description\" content=\"Als Michelin-Sterne-Restaurant legen wir gro\u00dfen Wert auf eine ruhige Atmosph\u00e4re und stilvolles Ambiente.\" \/>\n<meta property=\"og:url\" content=\"https:\/\/www.edvard-restaurant.com\/de\/house-rules\/\" \/>\n<meta property=\"og:site_name\" content=\"Edvard Restaurant\" \/>\n<meta property=\"article:modified_time\" content=\"2025-08-19T13:50:13+00:00\" \/>\n<meta name=\"twitter:card\" content=\"summary_large_image\" \/>\n<meta name=\"twitter:label1\" content=\"Gesch\u00e4tzte Lesezeit\" \/>\n\t<meta name=\"twitter:data1\" content=\"1\u00a0Minute\" \/>\n<script type=\"application\/ld+json\" class=\"yoast-schema-graph\">{\"@context\":\"https:\/\/schema.org\",\"@graph\":[{\"@type\":\"WebPage\",\"@id\":\"https:\/\/www.edvard-restaurant.com\/de\/house-rules\/\",\"url\":\"https:\/\/www.edvard-restaurant.com\/de\/house-rules\/\",\"name\":\"Hausordnung | EDVARD Restaurant\",\"isPartOf\":{\"@id\":\"https:\/\/www.edvard-restaurant.com\/de\/#website\"},\"datePublished\":\"2025-08-19T13:46:22+00:00\",\"dateModified\":\"2025-08-19T13:50:13+00:00\",\"description\":\"Als Michelin-Sterne-Restaurant legen wir gro\u00dfen Wert auf eine ruhige Atmosph\u00e4re und stilvolles Ambiente.\",\"breadcrumb\":{\"@id\":\"https:\/\/www.edvard-restaurant.com\/de\/house-rules\/#breadcrumb\"},\"inLanguage\":\"de\",\"potentialAction\":[{\"@type\":\"ReadAction\",\"target\":[\"https:\/\/www.edvard-restaurant.com\/de\/house-rules\/\"]}]},{\"@type\":\"BreadcrumbList\",\"@id\":\"https:\/\/www.edvard-restaurant.com\/de\/house-rules\/#breadcrumb\",\"itemListElement\":[{\"@type\":\"ListItem\",\"position\":1,\"name\":\"Home\",\"item\":\"https:\/\/www.edvard-restaurant.com\/de\/\"},{\"@type\":\"ListItem\",\"position\":2,\"name\":\"Hausordnung\"}]},{\"@type\":\"WebSite\",\"@id\":\"https:\/\/www.edvard-restaurant.com\/de\/#website\",\"url\":\"https:\/\/www.edvard-restaurant.com\/de\/\",\"name\":\"Edvard Restaurant\",\"description\":\"\",\"publisher\":{\"@id\":\"https:\/\/www.edvard-restaurant.com\/de\/#organization\"},\"potentialAction\":[{\"@type\":\"SearchAction\",\"target\":{\"@type\":\"EntryPoint\",\"urlTemplate\":\"https:\/\/www.edvard-restaurant.com\/de\/?s={search_term_string}\"},\"query-input\":{\"@type\":\"PropertyValueSpecification\",\"valueRequired\":true,\"valueName\":\"search_term_string\"}}],\"inLanguage\":\"de\"},{\"@type\":\"Organization\",\"@id\":\"https:\/\/www.edvard-restaurant.com\/de\/#organization\",\"name\":\"Edvard Restaurant\",\"url\":\"https:\/\/www.edvard-restaurant.com\/de\/\",\"logo\":{\"@type\":\"ImageObject\",\"inLanguage\":\"de\",\"@id\":\"https:\/\/www.edvard-restaurant.com\/de\/#\/schema\/logo\/image\/\",\"url\":\"https:\/\/www.edvard-restaurant.com\/wp-content\/uploads\/2026\/01\/EDVARD-White-1.png\",\"contentUrl\":\"https:\/\/www.edvard-restaurant.com\/wp-content\/uploads\/2026\/01\/EDVARD-White-1.png\",\"width\":270,\"height\":90,\"caption\":\"Edvard Restaurant\"},\"image\":{\"@id\":\"https:\/\/www.edvard-restaurant.com\/de\/#\/schema\/logo\/image\/\"}}]}<\/script>\n<!-- \/ Yoast SEO plugin. -->","yoast_head_json":{"title":"Hausordnung | EDVARD Restaurant","description":"Als Michelin-Sterne-Restaurant legen wir gro\u00dfen Wert auf eine ruhige Atmosph\u00e4re und stilvolles Ambiente.","robots":{"index":"index","follow":"follow","max-snippet":"max-snippet:-1","max-image-preview":"max-image-preview:large","max-video-preview":"max-video-preview:-1"},"canonical":"https:\/\/www.edvard-restaurant.com\/de\/house-rules\/","og_locale":"de_DE","og_type":"article","og_title":"Hausordnung | EDVARD Restaurant","og_description":"Als Michelin-Sterne-Restaurant legen wir gro\u00dfen Wert auf eine ruhige Atmosph\u00e4re und stilvolles Ambiente.","og_url":"https:\/\/www.edvard-restaurant.com\/de\/house-rules\/","og_site_name":"Edvard Restaurant","article_modified_time":"2025-08-19T13:50:13+00:00","twitter_card":"summary_large_image","twitter_misc":{"Gesch\u00e4tzte Lesezeit":"1\u00a0Minute"},"schema":{"@context":"https:\/\/schema.org","@graph":[{"@type":"WebPage","@id":"https:\/\/www.edvard-restaurant.com\/de\/house-rules\/","url":"https:\/\/www.edvard-restaurant.com\/de\/house-rules\/","name":"Hausordnung | EDVARD Restaurant","isPartOf":{"@id":"https:\/\/www.edvard-restaurant.com\/de\/#website"},"datePublished":"2025-08-19T13:46:22+00:00","dateModified":"2025-08-19T13:50:13+00:00","description":"Als Michelin-Sterne-Restaurant legen wir gro\u00dfen Wert auf eine ruhige Atmosph\u00e4re und stilvolles Ambiente.","breadcrumb":{"@id":"https:\/\/www.edvard-restaurant.com\/de\/house-rules\/#breadcrumb"},"inLanguage":"de","potentialAction":[{"@type":"ReadAction","target":["https:\/\/www.edvard-restaurant.com\/de\/house-rules\/"]}]},{"@type":"BreadcrumbList","@id":"https:\/\/www.edvard-restaurant.com\/de\/house-rules\/#breadcrumb","itemListElement":[{"@type":"ListItem","position":1,"name":"Home","item":"https:\/\/www.edvard-restaurant.com\/de\/"},{"@type":"ListItem","position":2,"name":"Hausordnung"}]},{"@type":"WebSite","@id":"https:\/\/www.edvard-restaurant.com\/de\/#website","url":"https:\/\/www.edvard-restaurant.com\/de\/","name":"Edvard Restaurant","description":"","publisher":{"@id":"https:\/\/www.edvard-restaurant.com\/de\/#organization"},"potentialAction":[{"@type":"SearchAction","target":{"@type":"EntryPoint","urlTemplate":"https:\/\/www.edvard-restaurant.com\/de\/?s={search_term_string}"},"query-input":{"@type":"PropertyValueSpecification","valueRequired":true,"valueName":"search_term_string"}}],"inLanguage":"de"},{"@type":"Organization","@id":"https:\/\/www.edvard-restaurant.com\/de\/#organization","name":"Edvard Restaurant","url":"https:\/\/www.edvard-restaurant.com\/de\/","logo":{"@type":"ImageObject","inLanguage":"de","@id":"https:\/\/www.edvard-restaurant.com\/de\/#\/schema\/logo\/image\/","url":"https:\/\/www.edvard-restaurant.com\/wp-content\/uploads\/2026\/01\/EDVARD-White-1.png","contentUrl":"https:\/\/www.edvard-restaurant.com\/wp-content\/uploads\/2026\/01\/EDVARD-White-1.png","width":270,"height":90,"caption":"Edvard Restaurant"},"image":{"@id":"https:\/\/www.edvard-restaurant.com\/de\/#\/schema\/logo\/image\/"}}]}},"_links":{"self":[{"href":"https:\/\/www.edvard-restaurant.com\/de\/wp-json\/wp\/v2\/pages\/3442","targetHints":{"allow":["GET"]}}],"collection":[{"href":"https:\/\/www.edvard-restaurant.com\/de\/wp-json\/wp\/v2\/pages"}],"about":[{"href":"https:\/\/www.edvard-restaurant.com\/de\/wp-json\/wp\/v2\/types\/page"}],"author":[{"embeddable":true,"href":"https:\/\/www.edvard-restaurant.com\/de\/wp-json\/wp\/v2\/users\/2"}],"replies":[{"embeddable":true,"href":"https:\/\/www.edvard-restaurant.com\/de\/wp-json\/wp\/v2\/comments?post=3442"}],"version-history":[{"count":6,"href":"https:\/\/www.edvard-restaurant.com\/de\/wp-json\/wp\/v2\/pages\/3442\/revisions"}],"predecessor-version":[{"id":3452,"href":"https:\/\/www.edvard-restaurant.com\/de\/wp-json\/wp\/v2\/pages\/3442\/revisions\/3452"}],"wp:attachment":[{"href":"https:\/\/www.edvard-restaurant.com\/de\/wp-json\/wp\/v2\/media?parent=3442"}],"curies":[{"name":"wp","href":"https:\/\/api.w.org\/{rel}","templated":true}]}}